{"id":198,"date":"2019-09-19T14:45:56","date_gmt":"2019-09-19T18:45:56","guid":{"rendered":"http:\/\/nunavikhotels.ca\/?page_id=198"},"modified":"2025-06-05T22:02:49","modified_gmt":"2025-06-06T02:02:49","slug":"about-us","status":"publish","type":"page","link":"https:\/\/nunavikhotels.ca\/fr\/","title":{"rendered":"ACCUEIL"},"content":{"rendered":"<img loading=\"lazy\" decoding=\"async\" src=\"http:\/\/nunavikhotels.ca\/wp-content\/uploads\/2020\/01\/banner-mixed-b1.jpg\" alt=\"banner-mixed-b1\" itemprop=\"image\" height=\"350\" width=\"1920\" title=\"banner-mixed-b1\" onerror=\"this.style.display='none'\">\n\t\r\n<div id=\"i4t-hotello-integration\">\r\n<h3>Trouvez votre h\u00f4tel au Nunavik<\/h3>\r\n<form name=\"i4t_hotello_integration_form\" id=\"i4t-hotello-integration-form\" action=\"https:\/\/book.hotello.com\/fr\/hotel\/766\" method=\"get\" target=\"_blank\">\r\n\t<div class=\"form-element hotel\" style=\"width:75%!important;\">\r\n\t\t<label for=\"i4thi-hotel\">Hotel:<\/label> <span id=\"i4thi-hotel-error\" class=\"hide\">Please select a hotel.<\/span>\r\n\t\t<select name=\"hotel\" id=\"i4thi-hotel\" onchange=\"javascript:\/\/load_rooms(this.value);\">\r\n\t\t\t<option value=\"\"><\/option>\r\n\t\t\t<option value=\"https:\/\/app.mews.com\/distributor\/fad4355d-16c2-4126-99a2-b39400cafe5b\">Puvirnituq<\/option><option value=\"https:\/\/app.mews.com\/distributor\/83a8838b-d79c-4523-a92a-b3aa00b94f74\">Kuujjuarapik<\/option><option value=\"https:\/\/app.mews.com\/distributor\/fb9d2c03-8b43-4022-a4bd-b3aa00b59898\">Ivujivik<\/option><option value=\"https:\/\/app.mews.com\/distributor\/f9f2f35f-16be-46eb-aa35-b3aa00bd8ded\">Salluit<\/option><option value=\"https:\/\/app.mews.com\/distributor\/cd0dc8d5-99b8-4453-909c-b3ad0096415d\">Inukjuak<\/option><option value=\"https:\/\/app.mews.com\/distributor\/a081d832-acb6-47a0-9def-b3aa00bb5a6e\">Kuujjuaq<\/option><option value=\"https:\/\/app.mews.com\/distributor\/d96bd38b-7970-44f9-9332-b3aa00b7a47d\">Kangiqsualujjuaq<\/option><option value=\"https:\/\/app.mews.com\/distributor\/51574dea-4512-4b01-a241-b3aa00b14827\">Kangirsuk<\/option><option value=\"https:\/\/app.mews.com\/distributor\/bfcf69ce-4c5f-4714-b888-b3aa00b67016\">Aupaluk<\/option><option value=\"https:\/\/app.mews.com\/distributor\/6668a8fb-af34-42e9-a819-b3aa00b86d5e\">Kangiqsujuaq<\/option><option value=\"https:\/\/app.mews.com\/distributor\/d67e80d2-7f02-4891-9cbe-b3aa00b46aa3\">Akulivik<\/option><option value=\"https:\/\/app.mews.com\/distributor\/142b03be-ff7d-4fe3-b57b-b3aa00b9e07e\">Quaqtaq<\/option><option value=\"https:\/\/app.mews.com\/distributor\/f779e94d-26bc-4229-9377-b3aa00bbde6b\">Umiujaq<\/option>\r\n\t\t<\/select>\r\n\t<\/div>\r\n\t<div class=\"form-element submit\">\r\n\t\t<label for=\"i4thi-submit\"><\/label>\r\n\t\t<input type=\"button\" name=\"Submit\" id=\"i4thi-submit\" value=\"Find\" onclick=\"javascript: if(jQuery('#i4thi-hotel').val()==''){alert(jQuery('#i4thi-hotel-error').html());}else{jQuery('#i4t-hotello-integration-form').attr('action', jQuery('#i4thi-hotel').val());jQuery('#i4t-hotello-integration-form').submit();}\/\/if(jQuery('#i4thi-hotel').val()=='' || isNaN(jQuery('#i4thi-hotel').val())){alert(jQuery('#i4thi-hotel-error').html());}else{jQuery('#i4thi-hotel').prop('disabled',true);jQuery('#i4t-hotello-integration-form').submit();jQuery('#i4thi-hotel').prop('disabled',false);}\" \/>\r\n\t<\/div>\r\n\t<div style=\"width:100%;display:block;font-size:12px;text-align:right;padding-right:10px;\">Please note: After clicking FIND, you will be redirected to our booking platform to view availability.<\/div>\r\n\t\r\n<\/form>\r\n<\/div>\r\n<script type=\"text\/javascript\">\r\nfunction load_rooms(h){\r\n\tif(h!='' && !isNaN(h)){\r\n\t\tjQuery.ajax({\r\n\t\t\turl: \"https:\/\/nunavikhotels.ca\/wp-content\/plugins\/i4t-hotello-integration\/i4t-hotello-integration-get-rooms.php\",\r\n\t\t\tmethod: \"POST\",\r\n\t\t\tdata: {hotel: h, lang: 'fr'},\r\n\t\t\tdataType: \"html\"\r\n\t\t}).done(function(data){\r\n\t\t\t\/\/console.log(data);\r\n\t\t\tjQuery(\"#i4thi-room\").html(data);\r\n\t\t});\r\n\t}else{\r\n\t\tjQuery(\"#i4thi-room\").html('<option value=\"\"><\/option>');\r\n\t}\r\n}\r\njQuery(document).ready(function($){\r\n\t\/\/check-in date change\r\n\t$(\"#i4thi-ci\").on('change blur', function(){\r\n\t\tvar dt=new Date($(this).val());\r\n\t\tdt.setDate(dt.getDate() + 1);\r\n\t\t\r\n\t\t$(\"#i4thi-co\").attr(\"min\", dt.toISOString().slice(0, 10));\r\n\t\t\r\n\t\tif($(this).val().replace(\/\\-\/ig,'') >= $(\"#i4thi-co\").val().replace(\/\\-\/ig,'')){\r\n\t\t\t$(\"#i4thi-co\").val(dt.toISOString().slice(0, 10));\r\n\t\t}\r\n\t});\r\n\t\r\n\t\/\/check-out date change\r\n\t$(\"#i4thi-co\").on('change blur', function(){\r\n\t\tvar dt=new Date($(this).val());\r\n\t\tdt.setDate(dt.getDate() - 1);\r\n\t\t\r\n\t\tif($(this).val().replace(\/\\-\/ig,'') <= $(\"#i4thi-ci\").val().replace(\/\\-\/ig,'')){\r\n\t\t\t$(\"#i4thi-ci\").val(dt.toISOString().slice(0, 10));\r\n\t\t}\r\n\t});\r\n\tsetTimeout(function(){\r\n\t\tif($(\"#i4thi-hotel\").val()!='' && !isNaN($(\"#i4thi-hotel\").val())){\r\n\t\t\t$(\"#i4thi-hotel\").trigger(\"change\");\r\n\t\t}\r\n\t},150);\r\n\t\r\n});\r\n<\/script>\r\n\n\t<h2>Imaginez une r\u00e9gion<\/h2>\n<p>\u2026 the size of France, with no highways, no shopping malls, and no city skyscrapers &#8211; just 14 small villages with a total population of less than 15,000. A place that is home to one of the world\u2019s oldest living cultures, the Inuit, who thrive in one of the most spectacular wilderness regions left on Earth.<\/p>\n<p>Nous sommes \u00e0 la fronti\u00e8re du Nunavik, dans le Nord-du-Qu\u00e9bec au Canada, un territoire qui se trouve \u00e0 seulement deux heures de vol de Montr\u00e9al.<\/p>\n\t\t\t\t<img loading=\"lazy\" decoding=\"async\" src=\"http:\/\/nunavikhotels.ca\/wp-content\/uploads\/2020\/01\/mixed-6.jpg\" alt=\"mixed-6\" itemprop=\"image\" height=\"350\" width=\"550\" title=\"mixed-6\" onerror=\"this.style.display='none'\">\n\t<p>In winter, this pristine corner of the Arctic brings spectacular displays of the Aurora Borealis, and the white-covered tundra provides \u201cnature\u2019s roadway\u201d, as the Inuit travel by dog-sled and snow-mobile across the land. In summer, Nunavik bursts with life &#8211; polar bears roam, herds of caribou wander, migratory birds nest undisturbed, wildflowers carpet the land, and trout, salmon, and char fill the rushing streams and rivers.<\/p>\n<p>Les journ\u00e9es y sont agr\u00e9ables et chaudes et les soir\u00e9es fra\u00eeches, les montagnes \u00e9lev\u00e9es, la toundra \u00e0 perte de vue et les lacs d'eau douce innombrables (personne n'en a encore fait le d\u00e9compte). Et vos h\u00f4tes? Les Inuit \u00e0 la voix douce et au rire facile qui sont parmi les peuples les plus hospitaliers que vous ayez jamais rencontr\u00e9s.<\/p>\n\t\t\t\t<img loading=\"lazy\" decoding=\"async\" src=\"http:\/\/nunavikhotels.ca\/wp-content\/uploads\/2020\/01\/homepage.jpg\" alt=\"homepage\" itemprop=\"image\" height=\"395\" width=\"1200\" title=\"homepage\" onerror=\"this.style.display='none'\">","protected":false},"excerpt":{"rendered":"<p>Imagine a place\u2026 \u2026 the size of France, with no highways, no shopping malls, and no city skyscrapers &#8211; just 14 small villages with a total population of less than 15,000. A place that is home to one of the world\u2019s oldest living cultures, the Inuit, who thrive in one of the most spectacular wilderness &#8230; <a title=\"ACCUEIL\" class=\"read-more\" href=\"https:\/\/nunavikhotels.ca\/fr\/\" aria-label=\"Read more about HOME\">Read more<\/a><\/p>","protected":false},"author":1,"featured_media":0,"parent":0,"menu_order":0,"comment_status":"closed","ping_status":"closed","template":"","meta":{"footnotes":""},"_links":{"self":[{"href":"https:\/\/nunavikhotels.ca\/fr\/wp-json\/wp\/v2\/pages\/198"}],"collection":[{"href":"https:\/\/nunavikhotels.ca\/fr\/wp-json\/wp\/v2\/pages"}],"about":[{"href":"https:\/\/nunavikhotels.ca\/fr\/wp-json\/wp\/v2\/types\/page"}],"author":[{"embeddable":true,"href":"https:\/\/nunavikhotels.ca\/fr\/wp-json\/wp\/v2\/users\/1"}],"replies":[{"embeddable":true,"href":"https:\/\/nunavikhotels.ca\/fr\/wp-json\/wp\/v2\/comments?post=198"}],"version-history":[{"count":29,"href":"https:\/\/nunavikhotels.ca\/fr\/wp-json\/wp\/v2\/pages\/198\/revisions"}],"predecessor-version":[{"id":977,"href":"https:\/\/nunavikhotels.ca\/fr\/wp-json\/wp\/v2\/pages\/198\/revisions\/977"}],"wp:attachment":[{"href":"https:\/\/nunavikhotels.ca\/fr\/wp-json\/wp\/v2\/media?parent=198"}],"curies":[{"name":"wp","href":"https:\/\/api.w.org\/{rel}","templated":true}]}}