{"id":336,"date":"2019-09-26T14:21:29","date_gmt":"2019-09-26T18:21:29","guid":{"rendered":"http:\/\/nunavikhotels.ca\/?page_id=336"},"modified":"2025-06-05T22:12:12","modified_gmt":"2025-06-06T02:12:12","slug":"hotel-policies","status":"publish","type":"page","link":"https:\/\/nunavikhotels.ca\/fr\/hotel-policies\/","title":{"rendered":"Politiques d'H\u00f4tels"},"content":{"rendered":"<img decoding=\"async\" src=\"http:\/\/nunavikhotels.ca\/wp-content\/uploads\/2020\/01\/banner-mixed-4.jpg\" alt=\"banner-mixed-4\" itemprop=\"image\" title=\"banner-mixed-4\" onerror=\"this.style.display='none'\"  \/>\n\t<h2>Informations g\u00e9n\u00e9rales pour tous les h\u00f4tels<\/h2>\n<p><strong>Pour r\u00e9servation: 866.336.2667<\/strong><\/p>\n<h2>Politique d'annulation:<\/h2>\n<p>24 heures avant la date d'arriv\u00e9e. Les r\u00e9servations non annul\u00e9es seront factur\u00e9es une nuit et le solde de la r\u00e9servation d'h\u00f4tel confirm\u00e9e pour cette communaut\u00e9 sera annul\u00e9.<\/p>\n<h2>En cas de mauvais temps:<\/h2>\nThere is no fee associated to a room cancellation due to bad weather, but it is the customer&#8217;s responsibility to advise the reservation centre on the same day.<br \/>\nGuests whose travel itineraries are interrupted due to flight changes, delays or cancellations are also required to email <b>hotels@fcnq.ca <\/b>to communicate changes to their hotel reservations and avoid being charged cancellation penalties.\n<p>Il est interdit de fumer dans les h\u00f4tels. Un suppl\u00e9ment de 250,00 $ sera ajout\u00e9 \u00e0 votre facture en cas d'infraction \u00e0 ce r\u00e8glement.<\/p>\n<p>Les clients sont pri\u00e9s d'enlever leurs chaussures d'ext\u00e9rieur, la non-conformit\u00e9 \u00e0 cette politique entra\u00eenera une p\u00e9nalit\u00e9 de 50,00$.<\/p>\n<p>Les clients sont pri\u00e9s de nettoyer leur vaisselle. Le non-respect de cette politique entra\u00eenera une p\u00e9nalit\u00e9 de 50,00 $.<\/p>\n<h2>Conservation d'eau<\/h2>\n<p>\u00c0 l'exception de Kuujjuarapik, les communaut\u00e9s du Nunavik ne disposent pas de syst\u00e8me d'aqueduc et d'\u00e9gout, car l'installation de tels syst\u00e8mes serait tr\u00e8s co\u00fbteuse et complexe sur le plan technologique, ce qui conf\u00e8re la pr\u00e9sence de perg\u00e9lisol dans presque tous les villages. Chaque structure poss\u00e8de donc ses propres r\u00e9servoirs d\u2019eau potable et d\u2019\u00e9vacuation des eaux us\u00e9es.<\/p>\n<p>L'approvisionnement en eau potable et l'\u00e9limination des eaux us\u00e9es sont assur\u00e9s par des camions-citernes. Pour ces raisons, nous demandons aux clients de conserver l\u2019eau, elle sera donc disponible pour la dur\u00e9e de leur s\u00e9jour.<\/p>","protected":false},"excerpt":{"rendered":"<p>General information for all hotels For reservation:\u00a0866.336.2667 Cancellation policy: 24 hrs before the arrival date. Reservations not canceled will be charged one overnight and the balance of the confirmed hotel reservation for that community will be cancelled. In case of bad weather: There is no fee associated to a room cancellation due to bad weather, &#8230; <a title=\"Politiques d&#039;H\u00f4tels\" class=\"read-more\" href=\"https:\/\/nunavikhotels.ca\/fr\/hotel-policies\/\" aria-label=\"Read more about Hotel Policies\">Read more<\/a><\/p>","protected":false},"author":1,"featured_media":0,"parent":0,"menu_order":0,"comment_status":"closed","ping_status":"closed","template":"","meta":{"footnotes":""},"_links":{"self":[{"href":"https:\/\/nunavikhotels.ca\/fr\/wp-json\/wp\/v2\/pages\/336"}],"collection":[{"href":"https:\/\/nunavikhotels.ca\/fr\/wp-json\/wp\/v2\/pages"}],"about":[{"href":"https:\/\/nunavikhotels.ca\/fr\/wp-json\/wp\/v2\/types\/page"}],"author":[{"embeddable":true,"href":"https:\/\/nunavikhotels.ca\/fr\/wp-json\/wp\/v2\/users\/1"}],"replies":[{"embeddable":true,"href":"https:\/\/nunavikhotels.ca\/fr\/wp-json\/wp\/v2\/comments?post=336"}],"version-history":[{"count":5,"href":"https:\/\/nunavikhotels.ca\/fr\/wp-json\/wp\/v2\/pages\/336\/revisions"}],"predecessor-version":[{"id":1269,"href":"https:\/\/nunavikhotels.ca\/fr\/wp-json\/wp\/v2\/pages\/336\/revisions\/1269"}],"wp:attachment":[{"href":"https:\/\/nunavikhotels.ca\/fr\/wp-json\/wp\/v2\/media?parent=336"}],"curies":[{"name":"wp","href":"https:\/\/api.w.org\/{rel}","templated":true}]}}