{"id":550,"date":"2019-12-02T10:53:15","date_gmt":"2019-12-02T15:53:15","guid":{"rendered":"http:\/\/nunavikhotels.ca\/?page_id=550"},"modified":"2026-02-09T08:39:38","modified_gmt":"2026-02-09T13:39:38","slug":"kuujjuarapik","status":"publish","type":"page","link":"https:\/\/nunavikhotels.ca\/fr\/kuujjuarapik\/","title":{"rendered":"Kuujjuaraapik &#8211; Whapmagoostui"},"content":{"rendered":"<\/p>\n\n\n\n<div class=\"wp-block-columns has-2-columns is-layout-flex wp-container-core-columns-is-layout-2 wp-block-columns-is-layout-flex\">\n<div class=\"wp-block-column is-layout-flow wp-block-column-is-layout-flow\">\n<figure class=\"wp-block-image size-full\"><img loading=\"lazy\" decoding=\"async\" width=\"550\" height=\"350\" src=\"http:\/\/nunavikhotels.ca\/wp-content\/uploads\/2020\/01\/Kuujjuarapik-1.jpg\" alt=\"\" class=\"wp-image-825\" srcset=\"https:\/\/nunavikhotels.ca\/wp-content\/uploads\/2020\/01\/Kuujjuarapik-1.jpg 550w, https:\/\/nunavikhotels.ca\/wp-content\/uploads\/2020\/01\/Kuujjuarapik-1-300x191.jpg 300w\" sizes=\"(max-width: 550px) 100vw, 550px\" \/><\/figure>\n\n\n\n<p><\/p>\n<\/div>\n\n\n\n<div class=\"wp-block-column is-layout-flow wp-block-column-is-layout-flow\">\n<h2 class=\"wp-block-heading\"><strong>H\u00f4tel de la coop\u00e9rative du Poste de la baleine <\/strong><\/h2>\n\n\n\n<p>1023, ave. Henry Jamet<br>Kuujjuarapik, QC J0M 1G0<br>T\u00e9l\u00e9phone : (819) 929-3734 <br>Num\u00e9ro d&#8217;\u00e9tablissement touristique : 231685<\/p>\n<\/div>\n<\/div>\n\n\n<p>\n\n\n\n\n\n\n\n\n<\/p>\n\n\n\n<hr class=\"wp-block-separator has-css-opacity\"\/>\n\n\n\n<h2 class=\"wp-block-heading\"><strong>Chambres<\/strong><\/h2>\n\n\n<figure class=\"wp-block-table\">\n<table class=\"no_border\">\n<tbody>\n<tr>\n<td>\n<ul>\n<li>Deux lits simples OU un lit double<\/li>\n<li>Literie \u00e0 densit\u00e9 de tissage 300 fils<\/li>\n<li>Bureau de travail avec une lampe de table<\/li>\n<li>Mini r\u00e9frig\u00e9rateur<\/li>\n<li>T\u00e9l\u00e9viseur \u00e0 \u00e9cran plat avec canaux HD<\/li>\n<li>Cafeti\u00e8re KEURIG et capsules<\/li>\n<li>Radio-r\u00e9veil<\/li>\n<\/ul>\n<\/td>\n<td>\n<ul>\n<li>WI-FI gratuit<\/li>\n<li>T\u00e9l\u00e9phone avec appels locaux gratuit<\/li>\n<li>S\u00e8che-cheveux<\/li>\n<li>Articles de toilette<\/li>\n<li>Porte-bagages<\/li>\n<li>Ventilateur de plafond<\/li>\n<\/ul>\n<\/td>\n<\/tr>\n<tr>\n<td style=\"text-align: center;\" colspan=\"2\">Occupation simple et double \u00e0 partir de 250,00$<\/td>\n<\/tr>\n<tr>\n<td style=\"text-align: center;\" colspan=\"2\">Chaque personne additionnelle 50,00$<\/td>\n<\/tr>\n<tr>\n<td style=\"text-align: center;\" colspan=\"2\">\u00a0<\/td>\n<\/tr>\n<\/tbody>\n<\/table>\n<\/figure>\n\n\n<hr class=\"wp-block-separator has-css-opacity\"\/>\n\n\n\n<h2 class=\"wp-block-heading\"><strong> Suites<\/strong><\/h2>\n\n\n<figure class=\"wp-block-table\">\n<table class=\"no_border\">\n<tbody>\n<tr>\n<td>\n<ul>\n<li>Un lit double<\/li>\n<li>Literie \u00e0 densit\u00e9 de tissage 300 fils<\/li>\n<li>Aire de travail pour 3 personnes ou divan-lit<\/li>\n<li>Bureau de travail avec une lampe de table<\/li>\n<li>Mini r\u00e9frig\u00e9rateur<\/li>\n<li>T\u00e9l\u00e9viseur \u00e0 \u00e9cran plat avec canaux HD<\/li>\n<li>Cafeti\u00e8re KEURIG et capsules<\/li>\n<li>Radio-r\u00e9veil<\/li>\n<\/ul>\n<\/td>\n<td>\n<ul>\n<li>WI-FI gratuit<\/li>\n<li>T\u00e9l\u00e9phone avec appels locaux gratuit<\/li>\n<li>S\u00e8che-cheveux<\/li>\n<li>Articles de toilette<\/li>\n<li>Porte-bagages<\/li>\n<li>Fer et planche \u00e0 repasser<\/li>\n<li>Ventilateur de plafond<\/li>\n<\/ul>\n<\/td>\n<\/tr>\n<tr>\n<td style=\"text-align: center;\" colspan=\"2\">Occupation simple et double 269,00$<\/td>\n<\/tr>\n<tr>\n<td style=\"text-align: center;\" colspan=\"2\">Chaque personne additionnelle 50,00$<\/td>\n<\/tr>\n<tr>\n<td style=\"text-align: center;\" colspan=\"2\">\u00a0<\/td>\n<\/tr>\n<\/tbody>\n<\/table>\n<\/figure>\n\n\n<hr class=\"wp-block-separator has-css-opacity\"\/>\n\n\n\n<h2 class=\"wp-block-heading\"><strong>Lieu de r\u00e9union<\/strong><\/h2>\n\n\n<figure class=\"wp-block-table\">\n<table class=\"no_border\" style=\"height: 462px;\" width=\"800\">\n<tbody>\n<tr>\n<td style=\"text-align: left;\">\n<ul>\n<li>Superficie totale : 1100 pi2<\/li>\n<li>Capacit\u00e9 : 32 personnes<\/li>\n<li>17 tables (24\u201dx48\u201d)<\/li>\n<li>Rez-de-chauss\u00e9e<\/li>\n<li>Environnement bien \u00e9clair\u00e9<\/li>\n<li>Caf\u00e9 gratuit<\/li>\n<\/ul>\n<\/td>\n<td>\n<ul>\n<li>WI-FI gratuit<\/li>\n<li>T\u00e9l\u00e9phone avec appels locaux gratuits<\/li>\n<li>R\u00e9troprojecteur<\/li>\n<li>\u00c9cran de projection<\/li>\n<li>Tableau blanc<\/li>\n<li>Bloc de conf\u00e9rence ($)<\/li>\n<\/ul>\n<\/td>\n<\/tr>\n<tr>\n<td style=\"text-align: center;\" colspan=\"2\">Demi journ\u00e9e $350.00<\/td>\n<\/tr>\n<tr>\n<td style=\"text-align: center;\" colspan=\"2\">Tarif journalier $550.00<\/td>\n<\/tr>\n<\/tbody>\n<\/table>\n<\/figure>\n\n<p>\n\n\n\n\n\n\n<div class=\"wp-block-columns has-2-columns is-layout-flex wp-container-core-columns-is-layout-4 wp-block-columns-is-layout-flex\">\n<div class=\"wp-block-column is-layout-flow wp-block-column-is-layout-flow\">\n<figure class=\"wp-block-image size-full\"><img loading=\"lazy\" decoding=\"async\" width=\"550\" height=\"350\" src=\"http:\/\/nunavikhotels.ca\/wp-content\/uploads\/2020\/01\/Kuujjuarapik-4.jpg\" alt=\"\" class=\"wp-image-826\" srcset=\"https:\/\/nunavikhotels.ca\/wp-content\/uploads\/2020\/01\/Kuujjuarapik-4.jpg 550w, https:\/\/nunavikhotels.ca\/wp-content\/uploads\/2020\/01\/Kuujjuarapik-4-300x191.jpg 300w\" sizes=\"(max-width: 550px) 100vw, 550px\" \/><\/figure>\n<\/div>\n\n\n\n<div class=\"wp-block-column is-layout-flow wp-block-column-is-layout-flow\">\n<figure class=\"wp-block-image size-full\"><img loading=\"lazy\" decoding=\"async\" width=\"550\" height=\"350\" src=\"http:\/\/nunavikhotels.ca\/wp-content\/uploads\/2020\/01\/Kuujjuarapik-2.jpg\" alt=\"\" class=\"wp-image-827\" srcset=\"https:\/\/nunavikhotels.ca\/wp-content\/uploads\/2020\/01\/Kuujjuarapik-2.jpg 550w, https:\/\/nunavikhotels.ca\/wp-content\/uploads\/2020\/01\/Kuujjuarapik-2-300x191.jpg 300w\" sizes=\"(max-width: 550px) 100vw, 550px\" \/><\/figure>\n<\/div>\n<\/div>\n\n\n\n\n\n<\/p>\n\n\n\n<h2 class=\"wp-block-heading has-text-align-left\"><strong>D\u00e9tails<\/strong><\/h2>\n\n\n<table class=\"no_border\">\n<tbody>\n<tr>\n<td width=\"600\">\n<h2>Adresse<\/h2>\n<p>H\u00f4tel de la coop\u00e9rative du Poste de la baleine<br \/>1023, ave. Henry Jamet<br data-rich-text-line-break=\"true\">Kuujjuarapik, QC J0M 1G0<br data-rich-text-line-break=\"true\">T\u00e9l\u00e9phone : (819) 929-3734 <br data-rich-text-line-break=\"true\">Num\u00e9ro d&#8217;\u00e9tablissement touristique : 231685<\/p>\n<\/td>\n<\/tr>\n<tr>\n<td width=\"319\">\n<h2>Votre r\u00e9servation<\/h2>\n<p>Heure d&#8217;arriv\u00e9e : 16H<br \/>Heure de d\u00e9part : 10H<\/p>\n<p>\u00c2ge requis pour faire une r\u00e9servation : 18 ans<br \/>Aucun frais pour les enfants de 12 ans et moins qui partagent la chambre de leurs parents<\/p>\n<p><strong>Modes de paiement<\/strong><br \/>Cartes de cr\u00e9dit : Visa et Mastercard<\/p>\n<\/td>\n<\/tr>\n<tr>\n<td width=\"319\">\n<h2>Installations<\/h2>\n<p>2 \u00e9tages<br \/>2 cuisines partag\u00e9es<br \/>Buanderie<br \/>Salle d&#8217;entra\u00eenement<br \/>Lieu de r\u00e9union<br \/>20 chambres<br \/>10 suites<br \/>Chambres adapt\u00e9es disponibles<\/p>\n<\/td>\n<\/tr>\n<tr>\n<td width=\"319\">\n<h2>Avec votre r\u00e9servation<\/h2>\n<ul>\n<li>Caf\u00e9 et th\u00e9 gratuits dans la salle \u00e0 manger<\/li>\n<li>WI-FI gratuit, vitesse standard, disponible dans les chambres et espaces publics<\/li>\n<li>Acc\u00e8s \u00e0 la buanderie entre 17H et 21H<\/li>\n<li>Connexion pour v\u00e9hicule avec chauffe moteur<\/li>\n<\/ul>\n<ul>\n<li>Service de navette disponible($)<\/li>\n<li>D\u00e9part tardif d\u00e9pendamment des disponibilit\u00e9s ($)<\/li>\n<li>Lit pliant disponible ($)<\/li>\n<\/ul>\n<\/td>\n<\/tr>\n<tr>\n<td width=\"319\">\n<h2>Informations pertinentes pour les clients<\/h2>\n<h3>Appels<\/h3>\n<p><strong>URGENCE- COMPOSEZ LE 911<\/strong><\/p>\n<p>Pour les appels interurbains, une carte pr\u00e9pay\u00e9e est n\u00e9cessaire (disponible au magasin de la coop\u00e9rative)<\/p>\n<p><strong>Pour t\u00e9l\u00e9phoner une autre chambre<\/strong><br \/>Faire le num\u00e9ro de la chambre<\/p>\n<p><strong>Pour un appel \u00e0 frais vir\u00e9s<\/strong><br \/>Composez le 9.1.800.555.1111<\/p>\n<h3>Objets trouv\u00e9s<\/h3>\n<p>Nos employ\u00e9s vous assisteront avec vos objets perdus.<\/p>\n<p>Tout objet trouv\u00e9 sera gard\u00e9 \u00e0 l&#8217;h\u00f4tel pendant une p\u00e9riode de 3 mois.<\/p>\n<\/td>\n<\/tr>\n<\/tbody>\n<\/table>\n\n<p>\n\n\n\n\n\n\n\n\n<\/p>\n\n\n<p>","protected":false},"excerpt":{"rendered":"","protected":false},"author":1,"featured_media":824,"parent":0,"menu_order":0,"comment_status":"closed","ping_status":"closed","template":"","meta":{"footnotes":""},"_links":{"self":[{"href":"https:\/\/nunavikhotels.ca\/fr\/wp-json\/wp\/v2\/pages\/550"}],"collection":[{"href":"https:\/\/nunavikhotels.ca\/fr\/wp-json\/wp\/v2\/pages"}],"about":[{"href":"https:\/\/nunavikhotels.ca\/fr\/wp-json\/wp\/v2\/types\/page"}],"author":[{"embeddable":true,"href":"https:\/\/nunavikhotels.ca\/fr\/wp-json\/wp\/v2\/users\/1"}],"replies":[{"embeddable":true,"href":"https:\/\/nunavikhotels.ca\/fr\/wp-json\/wp\/v2\/comments?post=550"}],"version-history":[{"count":44,"href":"https:\/\/nunavikhotels.ca\/fr\/wp-json\/wp\/v2\/pages\/550\/revisions"}],"predecessor-version":[{"id":1336,"href":"https:\/\/nunavikhotels.ca\/fr\/wp-json\/wp\/v2\/pages\/550\/revisions\/1336"}],"wp:featuredmedia":[{"embeddable":true,"href":"https:\/\/nunavikhotels.ca\/fr\/wp-json\/wp\/v2\/media\/824"}],"wp:attachment":[{"href":"https:\/\/nunavikhotels.ca\/fr\/wp-json\/wp\/v2\/media?parent=550"}],"curies":[{"name":"wp","href":"https:\/\/api.w.org\/{rel}","templated":true}]}}